{"id":3099,"date":"2025-08-11T09:06:57","date_gmt":"2025-08-11T12:06:57","guid":{"rendered":"https:\/\/springma.com\/agradecimento-pelo-contato\/"},"modified":"2025-10-15T11:23:55","modified_gmt":"2025-10-15T14:23:55","slug":"agradecimento-pelo-contato","status":"publish","type":"page","link":"https:\/\/springma.com\/pt-br\/agradecimento-pelo-contato\/","title":{"rendered":"Agradecimento pelo contato"},"content":{"rendered":"\t\t<div data-elementor-type=\"wp-page\" data-elementor-id=\"3099\" class=\"elementor elementor-3099 elementor-2634\" data-elementor-post-type=\"page\">\n\t\t\t\t<section class=\"elementor-element elementor-element-0f4faa0 e-flex e-con-boxed e-con e-parent\" data-id=\"0f4faa0\" data-element_type=\"container\" data-settings=\"{&quot;background_background&quot;:&quot;classic&quot;}\">\n\t\t\t\t\t<div class=\"e-con-inner\">\n\t\t<div class=\"elementor-element elementor-element-a84a394 e-con-full e-flex e-con e-child\" data-id=\"a84a394\" data-element_type=\"container\">\n\t\t\t\t<div class=\"elementor-element elementor-element-c4cf46c elementor-widget__width-initial title-img elementor-widget elementor-widget-heading\" data-id=\"c4cf46c\" data-element_type=\"widget\" data-widget_type=\"heading.default\">\n\t\t\t\t<div class=\"elementor-widget-container\">\n\t\t\t\t\t<h1 class=\"elementor-heading-title elementor-size-default\">Obrigado<\/h1>\t\t\t\t<\/div>\n\t\t\t\t<\/div>\n\t\t\t\t<div class=\"elementor-element elementor-element-a91adf8 elementor-widget__width-initial elementor-widget elementor-widget-text-editor\" data-id=\"a91adf8\" data-element_type=\"widget\" data-widget_type=\"text-editor.default\">\n\t\t\t\t<div class=\"elementor-widget-container\">\n\t\t\t\t\t\t\t\t\t<p>Recebemos sua mensagem. Entraremos em contato em breve!<\/p>\t\t\t\t\t\t\t\t<\/div>\n\t\t\t\t<\/div>\n\t\t\t\t<div class=\"elementor-element elementor-element-fcf1872 elementor-align-justify elementor-widget__width-initial elementor-widget elementor-widget-button\" data-id=\"fcf1872\" data-element_type=\"widget\" data-widget_type=\"button.default\">\n\t\t\t\t<div class=\"elementor-widget-container\">\n\t\t\t\t\t\t\t\t\t<div class=\"elementor-button-wrapper\">\n\t\t\t\t\t<a class=\"elementor-button elementor-button-link elementor-size-sm elementor-animation-float\" href=\"\/\">\n\t\t\t\t\t\t<span class=\"elementor-button-content-wrapper\">\n\t\t\t\t\t\t\t\t\t<span class=\"elementor-button-text\">Voltar \u00e0 p\u00e1gina inicial<\/span>\n\t\t\t\t\t<\/span>\n\t\t\t\t\t<\/a>\n\t\t\t\t<\/div>\n\t\t\t\t\t\t\t\t<\/div>\n\t\t\t\t<\/div>\n\t\t\t\t<\/div>\n\t\t<div class=\"elementor-element elementor-element-07fca4a e-con-full e-flex e-con e-child\" data-id=\"07fca4a\" data-element_type=\"container\">\n\t\t\t\t<div class=\"elementor-element elementor-element-a3f9b4b elementor-widget elementor-widget-image\" data-id=\"a3f9b4b\" data-element_type=\"widget\" data-widget_type=\"image.default\">\n\t\t\t\t<div class=\"elementor-widget-container\">\n\t\t\t\t\t\t\t\t\t\t\t\t\t\t\t<img fetchpriority=\"high\" decoding=\"async\" width=\"460\" height=\"509\" src=\"https:\/\/springma.com\/wp-content\/uploads\/2025\/07\/budgeting.jpg\" class=\"attachment-large size-large wp-image-3098\" alt=\"\" srcset=\"https:\/\/springma.com\/wp-content\/uploads\/2025\/07\/budgeting.jpg 460w, https:\/\/springma.com\/wp-content\/uploads\/2025\/07\/budgeting-271x300.jpg 271w\" sizes=\"(max-width: 460px) 100vw, 460px\" \/>\t\t\t\t\t\t\t\t\t\t\t\t\t\t\t<\/div>\n\t\t\t\t<\/div>\n\t\t\t\t<div class=\"elementor-element elementor-element-3877c73 elementor-align-center elementor-widget elementor-widget-lottie\" data-id=\"3877c73\" data-element_type=\"widget\" data-settings=\"{&quot;source_json&quot;:{&quot;url&quot;:&quot;https:\\\/\\\/springma.com\\\/wp-content\\\/uploads\\\/2025\\\/03\\\/selo-animado-spring.json&quot;,&quot;id&quot;:512,&quot;size&quot;:&quot;&quot;,&quot;alt&quot;:&quot;&quot;,&quot;source&quot;:&quot;library&quot;},&quot;loop&quot;:&quot;yes&quot;,&quot;play_speed&quot;:{&quot;unit&quot;:&quot;px&quot;,&quot;size&quot;:0.2,&quot;sizes&quot;:[]},&quot;source&quot;:&quot;media_file&quot;,&quot;caption_source&quot;:&quot;none&quot;,&quot;link_to&quot;:&quot;none&quot;,&quot;trigger&quot;:&quot;arriving_to_viewport&quot;,&quot;viewport&quot;:{&quot;unit&quot;:&quot;%&quot;,&quot;size&quot;:&quot;&quot;,&quot;sizes&quot;:{&quot;start&quot;:0,&quot;end&quot;:100}},&quot;start_point&quot;:{&quot;unit&quot;:&quot;%&quot;,&quot;size&quot;:0,&quot;sizes&quot;:[]},&quot;end_point&quot;:{&quot;unit&quot;:&quot;%&quot;,&quot;size&quot;:100,&quot;sizes&quot;:[]},&quot;renderer&quot;:&quot;svg&quot;}\" data-widget_type=\"lottie.default\">\n\t\t\t\t<div class=\"elementor-widget-container\">\n\t\t\t\t\t<div class=\"e-lottie__container\"><div class=\"e-lottie__animation\"><\/div><\/div>\t\t\t\t<\/div>\n\t\t\t\t<\/div>\n\t\t\t\t<\/div>\n\t\t\t\t\t<\/div>\n\t\t\t\t<\/section>\n\t\t\t\t<\/div>\n\t\t","protected":false},"excerpt":{"rendered":"<p>Obrigado Recebemos sua mensagem. Entraremos em contato em breve! Voltar \u00e0 p\u00e1gina inicial<\/p>\n","protected":false},"author":1,"featured_media":3328,"parent":0,"menu_order":0,"comment_status":"closed","ping_status":"closed","template":"","meta":{"_acf_changed":false,"footnotes":""},"class_list":["post-3099","page","type-page","status-publish","has-post-thumbnail","hentry"],"acf":[],"yoast_head":"<!-- This site is optimized with the Yoast SEO plugin v26.2 - https:\/\/yoast.com\/wordpress\/plugins\/seo\/ -->\n<title>Agradecimento pelo contato | Spring - consultoria de servi\u00e7os financeiros<\/title>\n<meta name=\"description\" content=\"Consultoria em servi\u00e7os financeiros no Canad\u00e1, oferecendo orienta\u00e7\u00e3o especializada e estrat\u00e9gias personalizadas para ajud\u00e1-lo a alcan\u00e7ar seus objetivos financeiros.\" \/>\n<meta name=\"robots\" content=\"index, follow, max-snippet:-1, max-image-preview:large, max-video-preview:-1\" \/>\n<link rel=\"canonical\" href=\"https:\/\/springma.com\/pt-br\/agradecimento-pelo-contato\/\" \/>\n<meta property=\"og:locale\" content=\"pt_BR\" \/>\n<meta property=\"og:type\" content=\"article\" \/>\n<meta property=\"og:title\" content=\"Agradecimento pelo contato | Spring - consultoria de servi\u00e7os financeiros\" \/>\n<meta property=\"og:description\" content=\"Consultoria em servi\u00e7os financeiros no Canad\u00e1, oferecendo orienta\u00e7\u00e3o especializada e estrat\u00e9gias personalizadas para ajud\u00e1-lo a alcan\u00e7ar seus objetivos financeiros.\" \/>\n<meta property=\"og:url\" content=\"https:\/\/springma.com\/pt-br\/agradecimento-pelo-contato\/\" \/>\n<meta property=\"og:site_name\" content=\"Spring\" \/>\n<meta property=\"article:modified_time\" content=\"2025-10-15T14:23:55+00:00\" \/>\n<meta property=\"og:image\" content=\"https:\/\/springma.com\/wp-content\/uploads\/2025\/10\/img-destacada-spring.png\" \/>\n\t<meta property=\"og:image:width\" content=\"378\" \/>\n\t<meta property=\"og:image:height\" content=\"200\" \/>\n\t<meta property=\"og:image:type\" content=\"image\/png\" \/>\n<meta name=\"twitter:card\" content=\"summary_large_image\" \/>\n<script type=\"application\/ld+json\" class=\"yoast-schema-graph\">{\"@context\":\"https:\/\/schema.org\",\"@graph\":[{\"@type\":\"WebPage\",\"@id\":\"https:\/\/springma.com\/pt-br\/agradecimento-pelo-contato\/\",\"url\":\"https:\/\/springma.com\/pt-br\/agradecimento-pelo-contato\/\",\"name\":\"Agradecimento pelo contato | Spring - consultoria de servi\u00e7os financeiros\",\"isPartOf\":{\"@id\":\"https:\/\/springma.com\/pt-br\/#website\"},\"primaryImageOfPage\":{\"@id\":\"https:\/\/springma.com\/pt-br\/agradecimento-pelo-contato\/#primaryimage\"},\"image\":{\"@id\":\"https:\/\/springma.com\/pt-br\/agradecimento-pelo-contato\/#primaryimage\"},\"thumbnailUrl\":\"https:\/\/springma.com\/wp-content\/uploads\/2025\/10\/img-destacada-spring.png\",\"datePublished\":\"2025-08-11T12:06:57+00:00\",\"dateModified\":\"2025-10-15T14:23:55+00:00\",\"description\":\"Consultoria em servi\u00e7os financeiros no Canad\u00e1, oferecendo orienta\u00e7\u00e3o especializada e estrat\u00e9gias personalizadas para ajud\u00e1-lo a alcan\u00e7ar seus objetivos financeiros.\",\"breadcrumb\":{\"@id\":\"https:\/\/springma.com\/pt-br\/agradecimento-pelo-contato\/#breadcrumb\"},\"inLanguage\":\"pt-BR\",\"potentialAction\":[{\"@type\":\"ReadAction\",\"target\":[\"https:\/\/springma.com\/pt-br\/agradecimento-pelo-contato\/\"]}]},{\"@type\":\"ImageObject\",\"inLanguage\":\"pt-BR\",\"@id\":\"https:\/\/springma.com\/pt-br\/agradecimento-pelo-contato\/#primaryimage\",\"url\":\"https:\/\/springma.com\/wp-content\/uploads\/2025\/10\/img-destacada-spring.png\",\"contentUrl\":\"https:\/\/springma.com\/wp-content\/uploads\/2025\/10\/img-destacada-spring.png\",\"width\":378,\"height\":200,\"caption\":\"Spring \u2013 Consultoria em servi\u00e7os financeiros no Canad\u00e1\"},{\"@type\":\"BreadcrumbList\",\"@id\":\"https:\/\/springma.com\/pt-br\/agradecimento-pelo-contato\/#breadcrumb\",\"itemListElement\":[{\"@type\":\"ListItem\",\"position\":1,\"name\":\"In\u00edcio\",\"item\":\"https:\/\/springma.com\/pt-br\/\"},{\"@type\":\"ListItem\",\"position\":2,\"name\":\"Agradecimento pelo contato\"}]},{\"@type\":\"WebSite\",\"@id\":\"https:\/\/springma.com\/pt-br\/#website\",\"url\":\"https:\/\/springma.com\/pt-br\/\",\"name\":\"Spring\",\"description\":\"Management Academy\",\"potentialAction\":[{\"@type\":\"SearchAction\",\"target\":{\"@type\":\"EntryPoint\",\"urlTemplate\":\"https:\/\/springma.com\/pt-br\/?s={search_term_string}\"},\"query-input\":{\"@type\":\"PropertyValueSpecification\",\"valueRequired\":true,\"valueName\":\"search_term_string\"}}],\"inLanguage\":\"pt-BR\"}]}<\/script>\n<!-- \/ Yoast SEO plugin. -->","yoast_head_json":{"title":"Agradecimento pelo contato | Spring - consultoria de servi\u00e7os financeiros","description":"Consultoria em servi\u00e7os financeiros no Canad\u00e1, oferecendo orienta\u00e7\u00e3o especializada e estrat\u00e9gias personalizadas para ajud\u00e1-lo a alcan\u00e7ar seus objetivos financeiros.","robots":{"index":"index","follow":"follow","max-snippet":"max-snippet:-1","max-image-preview":"max-image-preview:large","max-video-preview":"max-video-preview:-1"},"canonical":"https:\/\/springma.com\/pt-br\/agradecimento-pelo-contato\/","og_locale":"pt_BR","og_type":"article","og_title":"Agradecimento pelo contato | Spring - consultoria de servi\u00e7os financeiros","og_description":"Consultoria em servi\u00e7os financeiros no Canad\u00e1, oferecendo orienta\u00e7\u00e3o especializada e estrat\u00e9gias personalizadas para ajud\u00e1-lo a alcan\u00e7ar seus objetivos financeiros.","og_url":"https:\/\/springma.com\/pt-br\/agradecimento-pelo-contato\/","og_site_name":"Spring","article_modified_time":"2025-10-15T14:23:55+00:00","og_image":[{"width":378,"height":200,"url":"https:\/\/springma.com\/wp-content\/uploads\/2025\/10\/img-destacada-spring.png","type":"image\/png"}],"twitter_card":"summary_large_image","schema":{"@context":"https:\/\/schema.org","@graph":[{"@type":"WebPage","@id":"https:\/\/springma.com\/pt-br\/agradecimento-pelo-contato\/","url":"https:\/\/springma.com\/pt-br\/agradecimento-pelo-contato\/","name":"Agradecimento pelo contato | Spring - consultoria de servi\u00e7os financeiros","isPartOf":{"@id":"https:\/\/springma.com\/pt-br\/#website"},"primaryImageOfPage":{"@id":"https:\/\/springma.com\/pt-br\/agradecimento-pelo-contato\/#primaryimage"},"image":{"@id":"https:\/\/springma.com\/pt-br\/agradecimento-pelo-contato\/#primaryimage"},"thumbnailUrl":"https:\/\/springma.com\/wp-content\/uploads\/2025\/10\/img-destacada-spring.png","datePublished":"2025-08-11T12:06:57+00:00","dateModified":"2025-10-15T14:23:55+00:00","description":"Consultoria em servi\u00e7os financeiros no Canad\u00e1, oferecendo orienta\u00e7\u00e3o especializada e estrat\u00e9gias personalizadas para ajud\u00e1-lo a alcan\u00e7ar seus objetivos financeiros.","breadcrumb":{"@id":"https:\/\/springma.com\/pt-br\/agradecimento-pelo-contato\/#breadcrumb"},"inLanguage":"pt-BR","potentialAction":[{"@type":"ReadAction","target":["https:\/\/springma.com\/pt-br\/agradecimento-pelo-contato\/"]}]},{"@type":"ImageObject","inLanguage":"pt-BR","@id":"https:\/\/springma.com\/pt-br\/agradecimento-pelo-contato\/#primaryimage","url":"https:\/\/springma.com\/wp-content\/uploads\/2025\/10\/img-destacada-spring.png","contentUrl":"https:\/\/springma.com\/wp-content\/uploads\/2025\/10\/img-destacada-spring.png","width":378,"height":200,"caption":"Spring \u2013 Consultoria em servi\u00e7os financeiros no Canad\u00e1"},{"@type":"BreadcrumbList","@id":"https:\/\/springma.com\/pt-br\/agradecimento-pelo-contato\/#breadcrumb","itemListElement":[{"@type":"ListItem","position":1,"name":"In\u00edcio","item":"https:\/\/springma.com\/pt-br\/"},{"@type":"ListItem","position":2,"name":"Agradecimento pelo contato"}]},{"@type":"WebSite","@id":"https:\/\/springma.com\/pt-br\/#website","url":"https:\/\/springma.com\/pt-br\/","name":"Spring","description":"Management Academy","potentialAction":[{"@type":"SearchAction","target":{"@type":"EntryPoint","urlTemplate":"https:\/\/springma.com\/pt-br\/?s={search_term_string}"},"query-input":{"@type":"PropertyValueSpecification","valueRequired":true,"valueName":"search_term_string"}}],"inLanguage":"pt-BR"}]}},"_links":{"self":[{"href":"https:\/\/springma.com\/pt-br\/wp-json\/wp\/v2\/pages\/3099","targetHints":{"allow":["GET"]}}],"collection":[{"href":"https:\/\/springma.com\/pt-br\/wp-json\/wp\/v2\/pages"}],"about":[{"href":"https:\/\/springma.com\/pt-br\/wp-json\/wp\/v2\/types\/page"}],"author":[{"embeddable":true,"href":"https:\/\/springma.com\/pt-br\/wp-json\/wp\/v2\/users\/1"}],"replies":[{"embeddable":true,"href":"https:\/\/springma.com\/pt-br\/wp-json\/wp\/v2\/comments?post=3099"}],"version-history":[{"count":1,"href":"https:\/\/springma.com\/pt-br\/wp-json\/wp\/v2\/pages\/3099\/revisions"}],"predecessor-version":[{"id":3100,"href":"https:\/\/springma.com\/pt-br\/wp-json\/wp\/v2\/pages\/3099\/revisions\/3100"}],"wp:featuredmedia":[{"embeddable":true,"href":"https:\/\/springma.com\/pt-br\/wp-json\/wp\/v2\/media\/3328"}],"wp:attachment":[{"href":"https:\/\/springma.com\/pt-br\/wp-json\/wp\/v2\/media?parent=3099"}],"curies":[{"name":"wp","href":"https:\/\/api.w.org\/{rel}","templated":true}]}}