{"id":3104,"date":"2025-03-21T08:37:06","date_gmt":"2025-03-21T11:37:06","guid":{"rendered":"https:\/\/springma.com\/aviso-legal\/"},"modified":"2025-10-06T15:41:17","modified_gmt":"2025-10-06T18:41:17","slug":"aviso-legal","status":"publish","type":"page","link":"https:\/\/springma.com\/pt-br\/aviso-legal\/","title":{"rendered":"Aviso Legal"},"content":{"rendered":"\t\t<div data-elementor-type=\"wp-page\" data-elementor-id=\"3104\" class=\"elementor elementor-3104 elementor-945\" data-elementor-post-type=\"page\">\n\t\t\t\t<section class=\"elementor-element elementor-element-87641cc e-flex e-con-boxed e-con e-parent\" data-id=\"87641cc\" data-element_type=\"container\" data-settings=\"{&quot;background_background&quot;:&quot;classic&quot;}\">\n\t\t\t\t\t<div class=\"e-con-inner\">\n\t\t\t\t<div class=\"elementor-element elementor-element-cb56255 elementor-widget elementor-widget-heading\" data-id=\"cb56255\" data-element_type=\"widget\" data-widget_type=\"heading.default\">\n\t\t\t\t<div class=\"elementor-widget-container\">\n\t\t\t\t\t<h1 class=\"elementor-heading-title elementor-size-default\">Aviso Legal<\/h1>\t\t\t\t<\/div>\n\t\t\t\t<\/div>\n\t\t\t\t\t<\/div>\n\t\t\t\t<\/section>\n\t\t<article class=\"elementor-element elementor-element-fdb2238 e-flex e-con-boxed e-con e-parent\" data-id=\"fdb2238\" data-element_type=\"container\">\n\t\t\t\t\t<div class=\"e-con-inner\">\n\t\t\t\t<div class=\"elementor-element elementor-element-f21c336 elementor-widget elementor-widget-heading\" data-id=\"f21c336\" data-element_type=\"widget\" data-widget_type=\"heading.default\">\n\t\t\t\t<div class=\"elementor-widget-container\">\n\t\t\t\t\t<h2 class=\"elementor-heading-title elementor-size-default\">Avisos legais e limita\u00e7\u00f5es de responsabilidade<\/h2>\t\t\t\t<\/div>\n\t\t\t\t<\/div>\n\t\t\t\t<div class=\"elementor-element elementor-element-0d1e660 elementor-widget elementor-widget-text-editor\" data-id=\"0d1e660\" data-element_type=\"widget\" data-widget_type=\"text-editor.default\">\n\t\t\t\t<div class=\"elementor-widget-container\">\n\t\t\t\t\t\t\t\t\t<p>Este site (incluindo, sem limita\u00e7\u00e3o, qualquer conte\u00fado ou outra parte dele) cont\u00e9m apenas informa\u00e7\u00f5es gerais, e n\u00e3o estamos, por meio deste site, prestando aconselhamento ou servi\u00e7os profissionais. Antes de tomar qualquer decis\u00e3o ou a\u00e7\u00e3o que possa afetar suas finan\u00e7as ou neg\u00f3cios, voc\u00ea deve consultar um assessor profissional qualificado. <\/p><p>Este site \u00e9 fornecido no estado em que se encontra, e n\u00e3o fazemos representa\u00e7\u00f5es ou garantias expressas ou impl\u00edcitas a seu respeito. Sem limitar o exposto acima, n\u00e3o garantimos que este site ser\u00e1 seguro, livre de erros, livre de v\u00edrus ou c\u00f3digos maliciosos, ou que atender\u00e1 a qualquer crit\u00e9rio espec\u00edfico de desempenho ou qualidade. Rejeitamos expressamente todas as garantias impl\u00edcitas, incluindo, sem limita\u00e7\u00e3o, garantias de comercializa\u00e7\u00e3o, t\u00edtulo, adequa\u00e7\u00e3o a um prop\u00f3sito espec\u00edfico, n\u00e3o viola\u00e7\u00e3o, compatibilidade, seguran\u00e7a e precis\u00e3o.  <\/p><p>O uso deste site \u00e9 por sua pr\u00f3pria conta e risco, e voc\u00ea assume total responsabilidade e risco de perda resultante de seu uso, incluindo, sem limita\u00e7\u00e3o, com rela\u00e7\u00e3o \u00e0 perda de servi\u00e7o ou dados. N\u00e3o seremos respons\u00e1veis por quaisquer danos diretos, indiretos, especiais, incidentais, consequenciais ou punitivos, ou quaisquer outros danos, seja em uma a\u00e7\u00e3o de contrato, estatuto, ato il\u00edcito (incluindo, sem limita\u00e7\u00e3o, neglig\u00eancia) ou de outra forma, relacionados ou decorrentes do uso deste site, mesmo que soub\u00e9ssemos ou dev\u00eassemos saber da possibilidade de tais danos. <\/p><p>Certos links neste site podem levar a sites, recursos ou ferramentas mantidos por terceiros sobre os quais n\u00e3o temos controle. Sem limitar qualquer um dos itens anteriores, n\u00e3o fazemos representa\u00e7\u00f5es ou garantias expressas ou impl\u00edcitas sobre tais sites, recursos e ferramentas, e links para tais sites, recursos e ferramentas n\u00e3o devem ser interpretados como um endosso deles ou de seu conte\u00fado por n\u00f3s. <\/p><p>As isen\u00e7\u00f5es de responsabilidade e limita\u00e7\u00f5es de responsabilidade acima s\u00e3o aplic\u00e1veis na extens\u00e3o m\u00e1xima permitida por lei, seja em contrato, estatuto, ato il\u00edcito (incluindo, sem limita\u00e7\u00e3o, neglig\u00eancia) ou de outra forma.<\/p>\t\t\t\t\t\t\t\t<\/div>\n\t\t\t\t<\/div>\n\t\t\t\t\t<\/div>\n\t\t\t\t<\/article>\n\t\t<section class=\"elementor-element elementor-element-462e540 e-con-full e-flex e-con e-parent\" data-id=\"462e540\" data-element_type=\"container\">\n\t\t\t\t<div class=\"elementor-element elementor-element-47cf591 elementor-widget elementor-widget-template\" data-id=\"47cf591\" data-element_type=\"widget\" data-widget_type=\"template.default\">\n\t\t\t\t<div class=\"elementor-widget-container\">\n\t\t\t\t\t\t\t<div class=\"elementor-template\">\n\t\t\t\t\t<div data-elementor-type=\"container\" data-elementor-id=\"3252\" class=\"elementor elementor-3252 elementor-1757\" data-elementor-post-type=\"elementor_library\">\n\t\t\t\t<section class=\"elementor-element elementor-element-b547d82 e-flex e-con-boxed e-con e-parent\" data-id=\"b547d82\" data-element_type=\"container\" data-settings=\"{&quot;background_background&quot;:&quot;classic&quot;}\">\n\t\t\t\t\t<div class=\"e-con-inner\">\n\t\t<div class=\"elementor-element elementor-element-e9cee6a e-con-full e-flex e-con e-child\" data-id=\"e9cee6a\" data-element_type=\"container\">\n\t\t\t\t<div class=\"elementor-element elementor-element-fe8b194 elementor-widget__width-initial elementor-widget elementor-widget-heading\" data-id=\"fe8b194\" data-element_type=\"widget\" data-widget_type=\"heading.default\">\n\t\t\t\t<div class=\"elementor-widget-container\">\n\t\t\t\t\t<h2 class=\"elementor-heading-title elementor-size-default\">Voc\u00ea controla os n\u00fameros ou os n\u00fameros controlam voc\u00ea?<\/h2>\t\t\t\t<\/div>\n\t\t\t\t<\/div>\n\t\t\t\t<div class=\"elementor-element elementor-element-a745056 elementor-widget__width-initial elementor-widget elementor-widget-text-editor\" data-id=\"a745056\" data-element_type=\"widget\" data-widget_type=\"text-editor.default\">\n\t\t\t\t<div class=\"elementor-widget-container\">\n\t\t\t\t\t\t\t\t\t<p>Transforme seus n\u00fameros em uma grande vantagem competitiva!<\/p>\t\t\t\t\t\t\t\t<\/div>\n\t\t\t\t<\/div>\n\t\t<div class=\"elementor-element elementor-element-7253925 e-con-full e-flex e-con e-child\" data-id=\"7253925\" data-element_type=\"container\">\n\t\t\t\t<div class=\"elementor-element elementor-element-ed7b747 elementor-align-justify elementor-widget__width-initial elementor-widget elementor-widget-button\" data-id=\"ed7b747\" data-element_type=\"widget\" data-widget_type=\"button.default\">\n\t\t\t\t<div class=\"elementor-widget-container\">\n\t\t\t\t\t\t\t\t\t<div class=\"elementor-button-wrapper\">\n\t\t\t\t\t<a class=\"elementor-button elementor-button-link elementor-size-sm elementor-animation-float\" href=\"https:\/\/springma.com\/pt-br\/contato\/\">\n\t\t\t\t\t\t<span class=\"elementor-button-content-wrapper\">\n\t\t\t\t\t\t\t\t\t<span class=\"elementor-button-text\">Contate-nos<\/span>\n\t\t\t\t\t<\/span>\n\t\t\t\t\t<\/a>\n\t\t\t\t<\/div>\n\t\t\t\t\t\t\t\t<\/div>\n\t\t\t\t<\/div>\n\t\t\t\t<div class=\"elementor-element elementor-element-b7e7ce5 elementor-align-justify elementor-widget__width-initial btn-book elementor-widget elementor-widget-button\" data-id=\"b7e7ce5\" data-element_type=\"widget\" data-widget_type=\"button.default\">\n\t\t\t\t<div class=\"elementor-widget-container\">\n\t\t\t\t\t\t\t\t\t<div class=\"elementor-button-wrapper\">\n\t\t\t\t\t<a class=\"elementor-button elementor-button-link elementor-size-sm elementor-animation-float\" href=\"https:\/\/calendly.com\/springma\/30min\" target=\"_blank\">\n\t\t\t\t\t\t<span class=\"elementor-button-content-wrapper\">\n\t\t\t\t\t\t<span class=\"elementor-button-icon\">\n\t\t\t\t<svg xmlns=\"http:\/\/www.w3.org\/2000\/svg\" width=\"24\" height=\"24\" viewBox=\"0 0 24 24\" fill=\"none\"><path d=\"M5.615 21C5.155 21 4.771 20.846 4.463 20.538C4.15433 20.2294 4 19.845 4 19.385V6.61502C4 6.15502 4.15433 5.77102 4.463 5.46302C4.771 5.15435 5.155 5.00002 5.615 5.00002H7.385V2.77002H8.462V5.00002H15.615V2.77002H16.615V5.00002H18.385C18.845 5.00002 19.229 5.15435 19.537 5.46302C19.8457 5.77102 20 6.15502 20 6.61502V11.615H19V10.615H5V19.385C5 19.5384 5.064 19.6794 5.192 19.808C5.32067 19.936 5.46167 20 5.615 20H11.846V21H5.615ZM14.231 21V18.79L19.563 13.483C19.6623 13.3964 19.765 13.333 19.871 13.293C19.9777 13.2517 20.0843 13.231 20.191 13.231C20.301 13.231 20.4123 13.2524 20.525 13.295C20.6377 13.3377 20.737 13.402 20.823 13.488L21.748 14.433C21.83 14.5317 21.8927 14.634 21.936 14.74C21.9787 14.8467 22 14.9534 22 15.06C22 15.1667 21.9827 15.274 21.948 15.382C21.9133 15.49 21.8467 15.5934 21.748 15.692L16.44 21H14.231ZM20.191 16.015L21.115 15.06L20.19 14.115L19.24 15.065L20.191 16.015Z\" fill=\"white\"><\/path><path d=\"M14.231 21V18.79L19.563 13.483C19.6623 13.3963 19.765 13.333 19.871 13.293C19.9776 13.2516 20.0843 13.231 20.191 13.231C20.301 13.231 20.4123 13.2523 20.525 13.295C20.6376 13.3376 20.737 13.402 20.823 13.488L21.748 14.433C21.83 14.5316 21.8926 14.634 21.936 14.74C21.9786 14.8466 22 14.9533 22 15.06C22 15.1666 21.9826 15.274 21.948 15.382C21.9133 15.49 21.8466 15.5933 21.748 15.692L16.44 21H14.231ZM20.191 16.015L21.115 15.06L20.19 14.115L19.24 15.065L20.191 16.015Z\" fill=\"white\"><\/path><\/svg>\t\t\t<\/span>\n\t\t\t\t\t\t\t\t\t<span class=\"elementor-button-text\">Agende uma conversa gratuita<\/span>\n\t\t\t\t\t<\/span>\n\t\t\t\t\t<\/a>\n\t\t\t\t<\/div>\n\t\t\t\t\t\t\t\t<\/div>\n\t\t\t\t<\/div>\n\t\t\t\t<\/div>\n\t\t\t\t<\/div>\n\t\t<div class=\"elementor-element elementor-element-44b0d03 e-con-full e-flex e-con e-child\" data-id=\"44b0d03\" data-element_type=\"container\">\n\t\t<div class=\"elementor-element elementor-element-a3e028a e-con-full e-flex e-con e-child\" data-id=\"a3e028a\" data-element_type=\"container\">\n\t\t\t\t<div class=\"elementor-element elementor-element-56bd016 elementor-widget elementor-widget-counter\" data-id=\"56bd016\" data-element_type=\"widget\" data-widget_type=\"counter.default\">\n\t\t\t\t<div class=\"elementor-widget-container\">\n\t\t\t\t\t\t\t<div class=\"elementor-counter\">\n\t\t\t<div class=\"elementor-counter-title\">Anos de <br>Experi\u00eancia<\/div>\t\t\t<div class=\"elementor-counter-number-wrapper\">\n\t\t\t\t<span class=\"elementor-counter-number-prefix\"><\/span>\n\t\t\t\t<span class=\"elementor-counter-number\" data-duration=\"2000\" data-to-value=\"20\" data-from-value=\"0\" data-delimiter=\",\">0<\/span>\n\t\t\t\t<span class=\"elementor-counter-number-suffix\">+<\/span>\n\t\t\t<\/div>\n\t\t<\/div>\n\t\t\t\t\t\t<\/div>\n\t\t\t\t<\/div>\n\t\t\t\t<div class=\"elementor-element elementor-element-ede4683 elementor-widget elementor-widget-counter\" data-id=\"ede4683\" data-element_type=\"widget\" data-widget_type=\"counter.default\">\n\t\t\t\t<div class=\"elementor-widget-container\">\n\t\t\t\t\t\t\t<div class=\"elementor-counter\">\n\t\t\t<div class=\"elementor-counter-title\">Clientes satisfeitos<\/div>\t\t\t<div class=\"elementor-counter-number-wrapper\">\n\t\t\t\t<span class=\"elementor-counter-number-prefix\"><\/span>\n\t\t\t\t<span class=\"elementor-counter-number\" data-duration=\"2000\" data-to-value=\"16\" data-from-value=\"0\" data-delimiter=\",\">0<\/span>\n\t\t\t\t<span class=\"elementor-counter-number-suffix\">+<\/span>\n\t\t\t<\/div>\n\t\t<\/div>\n\t\t\t\t\t\t<\/div>\n\t\t\t\t<\/div>\n\t\t\t\t<div class=\"elementor-element elementor-element-68e0b9a elementor-widget elementor-widget-counter\" data-id=\"68e0b9a\" data-element_type=\"widget\" data-widget_type=\"counter.default\">\n\t\t\t\t<div class=\"elementor-widget-container\">\n\t\t\t\t\t\t\t<div class=\"elementor-counter\">\n\t\t\t<div class=\"elementor-counter-title\">Clientes<\/div>\t\t\t<div class=\"elementor-counter-number-wrapper\">\n\t\t\t\t<span class=\"elementor-counter-number-prefix\"><\/span>\n\t\t\t\t<span class=\"elementor-counter-number\" data-duration=\"2000\" data-to-value=\"26\" data-from-value=\"0\" data-delimiter=\",\">0<\/span>\n\t\t\t\t<span class=\"elementor-counter-number-suffix\">+<\/span>\n\t\t\t<\/div>\n\t\t<\/div>\n\t\t\t\t\t\t<\/div>\n\t\t\t\t<\/div>\n\t\t\t\t<\/div>\n\t\t\t\t<div class=\"elementor-element elementor-element-432f718 elementor-widget-divider--view-line elementor-widget elementor-widget-divider\" data-id=\"432f718\" data-element_type=\"widget\" data-widget_type=\"divider.default\">\n\t\t\t\t<div class=\"elementor-widget-container\">\n\t\t\t\t\t\t\t<div class=\"elementor-divider\">\n\t\t\t<span class=\"elementor-divider-separator\">\n\t\t\t\t\t\t<\/span>\n\t\t<\/div>\n\t\t\t\t\t\t<\/div>\n\t\t\t\t<\/div>\n\t\t\t\t<div class=\"elementor-element elementor-element-ad38eb0 elementor-widget__width-initial elementor-widget elementor-widget-text-editor\" data-id=\"ad38eb0\" data-element_type=\"widget\" data-widget_type=\"text-editor.default\">\n\t\t\t\t<div class=\"elementor-widget-container\">\n\t\t\t\t\t\t\t\t\t<p>Atendendo com orgulho clientes no Canad\u00e1 e no Brasil com flu\u00eancia em ingl\u00eas e portugu\u00eas.<\/p>\t\t\t\t\t\t\t\t<\/div>\n\t\t\t\t<\/div>\n\t\t\t\t<\/div>\n\t\t\t\t\t<\/div>\n\t\t\t\t<\/section>\n\t\t\t\t<\/div>\n\t\t\t\t<\/div>\n\t\t\t\t\t\t<\/div>\n\t\t\t\t<\/div>\n\t\t\t\t<\/section>\n\t\t\t\t<\/div>\n\t\t","protected":false},"excerpt":{"rendered":"<p>Aviso Legal Avisos legais e limita\u00e7\u00f5es de responsabilidade Este site (incluindo, sem limita\u00e7\u00e3o, qualquer conte\u00fado ou outra parte dele) cont\u00e9m apenas informa\u00e7\u00f5es gerais, e n\u00e3o estamos, por meio deste site, prestando aconselhamento ou servi\u00e7os profissionais. Antes de tomar qualquer decis\u00e3o ou a\u00e7\u00e3o que possa afetar suas finan\u00e7as ou neg\u00f3cios, voc\u00ea deve consultar um assessor profissional [&hellip;]<\/p>\n","protected":false},"author":1,"featured_media":0,"parent":0,"menu_order":0,"comment_status":"closed","ping_status":"closed","template":"","meta":{"_acf_changed":false,"footnotes":""},"class_list":["post-3104","page","type-page","status-publish","hentry"],"acf":[],"yoast_head":"<!-- This site is optimized with the Yoast SEO plugin v26.2 - https:\/\/yoast.com\/wordpress\/plugins\/seo\/ -->\n<title>Aviso Legal - Spring<\/title>\n<meta name=\"robots\" content=\"index, follow, max-snippet:-1, max-image-preview:large, max-video-preview:-1\" \/>\n<link rel=\"canonical\" href=\"https:\/\/springma.com\/pt-br\/aviso-legal\/\" \/>\n<meta property=\"og:locale\" content=\"pt_BR\" \/>\n<meta property=\"og:type\" content=\"article\" \/>\n<meta property=\"og:title\" content=\"Aviso Legal - Spring\" \/>\n<meta property=\"og:description\" content=\"Aviso Legal Avisos legais e limita\u00e7\u00f5es de responsabilidade Este site (incluindo, sem limita\u00e7\u00e3o, qualquer conte\u00fado ou outra parte dele) cont\u00e9m apenas informa\u00e7\u00f5es gerais, e n\u00e3o estamos, por meio deste site, prestando aconselhamento ou servi\u00e7os profissionais. Antes de tomar qualquer decis\u00e3o ou a\u00e7\u00e3o que possa afetar suas finan\u00e7as ou neg\u00f3cios, voc\u00ea deve consultar um assessor profissional [&hellip;]\" \/>\n<meta property=\"og:url\" content=\"https:\/\/springma.com\/pt-br\/aviso-legal\/\" \/>\n<meta property=\"og:site_name\" content=\"Spring\" \/>\n<meta property=\"article:modified_time\" content=\"2025-10-06T18:41:17+00:00\" \/>\n<meta name=\"twitter:card\" content=\"summary_large_image\" \/>\n<meta name=\"twitter:label1\" content=\"Est. tempo de leitura\" \/>\n\t<meta name=\"twitter:data1\" content=\"2 minutos\" \/>\n<script type=\"application\/ld+json\" class=\"yoast-schema-graph\">{\"@context\":\"https:\/\/schema.org\",\"@graph\":[{\"@type\":\"WebPage\",\"@id\":\"https:\/\/springma.com\/pt-br\/aviso-legal\/\",\"url\":\"https:\/\/springma.com\/pt-br\/aviso-legal\/\",\"name\":\"Aviso Legal - Spring\",\"isPartOf\":{\"@id\":\"https:\/\/springma.com\/pt-br\/#website\"},\"datePublished\":\"2025-03-21T11:37:06+00:00\",\"dateModified\":\"2025-10-06T18:41:17+00:00\",\"breadcrumb\":{\"@id\":\"https:\/\/springma.com\/pt-br\/aviso-legal\/#breadcrumb\"},\"inLanguage\":\"pt-BR\",\"potentialAction\":[{\"@type\":\"ReadAction\",\"target\":[\"https:\/\/springma.com\/pt-br\/aviso-legal\/\"]}]},{\"@type\":\"BreadcrumbList\",\"@id\":\"https:\/\/springma.com\/pt-br\/aviso-legal\/#breadcrumb\",\"itemListElement\":[{\"@type\":\"ListItem\",\"position\":1,\"name\":\"In\u00edcio\",\"item\":\"https:\/\/springma.com\/pt-br\/\"},{\"@type\":\"ListItem\",\"position\":2,\"name\":\"Aviso Legal\"}]},{\"@type\":\"WebSite\",\"@id\":\"https:\/\/springma.com\/pt-br\/#website\",\"url\":\"https:\/\/springma.com\/pt-br\/\",\"name\":\"Spring\",\"description\":\"Management Academy\",\"potentialAction\":[{\"@type\":\"SearchAction\",\"target\":{\"@type\":\"EntryPoint\",\"urlTemplate\":\"https:\/\/springma.com\/pt-br\/?s={search_term_string}\"},\"query-input\":{\"@type\":\"PropertyValueSpecification\",\"valueRequired\":true,\"valueName\":\"search_term_string\"}}],\"inLanguage\":\"pt-BR\"}]}<\/script>\n<!-- \/ Yoast SEO plugin. -->","yoast_head_json":{"title":"Aviso Legal - Spring","robots":{"index":"index","follow":"follow","max-snippet":"max-snippet:-1","max-image-preview":"max-image-preview:large","max-video-preview":"max-video-preview:-1"},"canonical":"https:\/\/springma.com\/pt-br\/aviso-legal\/","og_locale":"pt_BR","og_type":"article","og_title":"Aviso Legal - Spring","og_description":"Aviso Legal Avisos legais e limita\u00e7\u00f5es de responsabilidade Este site (incluindo, sem limita\u00e7\u00e3o, qualquer conte\u00fado ou outra parte dele) cont\u00e9m apenas informa\u00e7\u00f5es gerais, e n\u00e3o estamos, por meio deste site, prestando aconselhamento ou servi\u00e7os profissionais. Antes de tomar qualquer decis\u00e3o ou a\u00e7\u00e3o que possa afetar suas finan\u00e7as ou neg\u00f3cios, voc\u00ea deve consultar um assessor profissional [&hellip;]","og_url":"https:\/\/springma.com\/pt-br\/aviso-legal\/","og_site_name":"Spring","article_modified_time":"2025-10-06T18:41:17+00:00","twitter_card":"summary_large_image","twitter_misc":{"Est. tempo de leitura":"2 minutos"},"schema":{"@context":"https:\/\/schema.org","@graph":[{"@type":"WebPage","@id":"https:\/\/springma.com\/pt-br\/aviso-legal\/","url":"https:\/\/springma.com\/pt-br\/aviso-legal\/","name":"Aviso Legal - Spring","isPartOf":{"@id":"https:\/\/springma.com\/pt-br\/#website"},"datePublished":"2025-03-21T11:37:06+00:00","dateModified":"2025-10-06T18:41:17+00:00","breadcrumb":{"@id":"https:\/\/springma.com\/pt-br\/aviso-legal\/#breadcrumb"},"inLanguage":"pt-BR","potentialAction":[{"@type":"ReadAction","target":["https:\/\/springma.com\/pt-br\/aviso-legal\/"]}]},{"@type":"BreadcrumbList","@id":"https:\/\/springma.com\/pt-br\/aviso-legal\/#breadcrumb","itemListElement":[{"@type":"ListItem","position":1,"name":"In\u00edcio","item":"https:\/\/springma.com\/pt-br\/"},{"@type":"ListItem","position":2,"name":"Aviso Legal"}]},{"@type":"WebSite","@id":"https:\/\/springma.com\/pt-br\/#website","url":"https:\/\/springma.com\/pt-br\/","name":"Spring","description":"Management Academy","potentialAction":[{"@type":"SearchAction","target":{"@type":"EntryPoint","urlTemplate":"https:\/\/springma.com\/pt-br\/?s={search_term_string}"},"query-input":{"@type":"PropertyValueSpecification","valueRequired":true,"valueName":"search_term_string"}}],"inLanguage":"pt-BR"}]}},"_links":{"self":[{"href":"https:\/\/springma.com\/pt-br\/wp-json\/wp\/v2\/pages\/3104","targetHints":{"allow":["GET"]}}],"collection":[{"href":"https:\/\/springma.com\/pt-br\/wp-json\/wp\/v2\/pages"}],"about":[{"href":"https:\/\/springma.com\/pt-br\/wp-json\/wp\/v2\/types\/page"}],"author":[{"embeddable":true,"href":"https:\/\/springma.com\/pt-br\/wp-json\/wp\/v2\/users\/1"}],"replies":[{"embeddable":true,"href":"https:\/\/springma.com\/pt-br\/wp-json\/wp\/v2\/comments?post=3104"}],"version-history":[{"count":1,"href":"https:\/\/springma.com\/pt-br\/wp-json\/wp\/v2\/pages\/3104\/revisions"}],"predecessor-version":[{"id":3105,"href":"https:\/\/springma.com\/pt-br\/wp-json\/wp\/v2\/pages\/3104\/revisions\/3105"}],"wp:attachment":[{"href":"https:\/\/springma.com\/pt-br\/wp-json\/wp\/v2\/media?parent=3104"}],"curies":[{"name":"wp","href":"https:\/\/api.w.org\/{rel}","templated":true}]}}