{"id":3156,"date":"2025-09-18T16:18:56","date_gmt":"2025-09-18T19:18:56","guid":{"rendered":"https:\/\/springma.com\/calculadora-de-precos\/"},"modified":"2025-10-17T10:07:56","modified_gmt":"2025-10-17T13:07:56","slug":"calculadora-de-precos","status":"publish","type":"page","link":"https:\/\/springma.com\/pt-br\/calculadora-de-precos\/","title":{"rendered":"Calculadora de pre\u00e7os"},"content":{"rendered":"\t\t<div data-elementor-type=\"wp-page\" data-elementor-id=\"3156\" class=\"elementor elementor-3156 elementor-3015\" data-elementor-post-type=\"page\">\n\t\t\t\t<section class=\"elementor-element elementor-element-9b8554d e-flex e-con-boxed e-con e-parent\" data-id=\"9b8554d\" data-element_type=\"container\" data-settings=\"{&quot;background_background&quot;:&quot;classic&quot;}\">\n\t\t\t\t\t<div class=\"e-con-inner\">\n\t\t\t\t<div class=\"elementor-element elementor-element-4608cb4 elementor-widget elementor-widget-heading\" data-id=\"4608cb4\" data-element_type=\"widget\" data-widget_type=\"heading.default\">\n\t\t\t\t<div class=\"elementor-widget-container\">\n\t\t\t\t\t<h1 class=\"elementor-heading-title elementor-size-default\">Calculadora de pre\u00e7os<\/h1>\t\t\t\t<\/div>\n\t\t\t\t<\/div>\n\t\t\t\t\t<\/div>\n\t\t\t\t<\/section>\n\t\t<article class=\"elementor-element elementor-element-b46a0b1 e-flex e-con-boxed e-con e-parent\" data-id=\"b46a0b1\" data-element_type=\"container\">\n\t\t\t\t\t<div class=\"e-con-inner\">\n\t\t\t\t<div class=\"elementor-element elementor-element-185dab0 elementor-widget elementor-widget-shortcode\" data-id=\"185dab0\" data-element_type=\"widget\" data-widget_type=\"shortcode.default\">\n\t\t\t\t<div class=\"elementor-widget-container\">\n\t\t\t\t\t\t\t<div class=\"elementor-shortcode\">\n    \n    <iframe id=\"JotFormIFrame-221644315618050\" title=\"Calculadora de pre\u00e7os\" onload=\"window.parent.scrollTo(0,0)\" allowtransparency=\"true\" allowfullscreen=\"true\" allow=\"geolocation; microphone; camera\" src=\"https:\/\/form.jotform.com\/221644315618050\" frameborder=\"0\" style=\"        min-width: 100%;       height:539px;       border:none;\" scrolling=\"no\">\n    <\/iframe>\n    <script type=\"text\/javascript\">\n      var ifr = document.getElementById(\"JotFormIFrame-221644315618050\");\n      if (ifr) {\n        var src = ifr.src;\n        var iframeParams = [];\n        if (window.location.href && window.location.href.indexOf(\"?\") > -1) {\n          iframeParams = iframeParams.concat(window.location.href.substr(window.location.href.indexOf(\"?\") + 1).split('&'));\n        }\n        if (src && src.indexOf(\"?\") > -1) {\n          iframeParams = iframeParams.concat(src.substr(src.indexOf(\"?\") + 1).split(\"&\"));\n          src = src.substr(0, src.indexOf(\"?\"))\n        }\n        iframeParams.push(\"isIframeEmbed=1\");\n        ifr.src = src + \"?\" + iframeParams.join('&');\n      }\n      window.handleIFrameMessage = function(e) {\n        if (typeof e.data === 'object') { return; }\n        var args = e.data.split(\":\");\n        if (args.length > 2) { iframe = document.getElementById(\"JotFormIFrame-\" + args[(args.length - 1)]); } else { iframe = document.getElementById(\"JotFormIFrame\"); }\n        if (!iframe) { return; }\n        switch (args[0]) {\n          case \"scrollIntoView\":\n            iframe.scrollIntoView();\n            break;\n          case \"setHeight\":\n            iframe.style.height = args[1] + \"px\";\n            break;\n          case \"collapseErrorPage\":\n            if (iframe.clientHeight > window.innerHeight) {\n              iframe.style.height = window.innerHeight + \"px\";\n            }\n            break;\n          case \"reloadPage\":\n            window.location.reload();\n            break;\n          case \"loadScript\":\n            if( !window.isPermitted(e.origin, ['jotform.com', 'jotform.pro']) ) { break; }\n            var src = args[1];\n            if (args.length > 3) {\n                src = args[1] + ':' + args[2];\n            }\n            var script = document.createElement('script');\n            script.src = src;\n            script.type = 'text\/javascript';\n            document.body.appendChild(script);\n            break;\n          case \"exitFullscreen\":\n            if      (window.document.exitFullscreen)        window.document.exitFullscreen();\n            else if (window.document.mozCancelFullScreen)   window.document.mozCancelFullScreen();\n            else if (window.document.mozCancelFullscreen)   window.document.mozCancelFullScreen();\n            else if (window.document.webkitExitFullscreen)  window.document.webkitExitFullscreen();\n            else if (window.document.msExitFullscreen)      window.document.msExitFullscreen();\n            break;\n        }\n        var isJotForm = (e.origin.indexOf(\"jotform\") > -1) ? true : false;\n        if(isJotForm && \"contentWindow\" in iframe && \"postMessage\" in iframe.contentWindow) {\n          var urls = {\"docurl\":encodeURIComponent(document.URL),\"referrer\":encodeURIComponent(document.referrer)};\n          iframe.contentWindow.postMessage(JSON.stringify({\"type\":\"urls\",\"value\":urls}), \"*\");\n        }\n      };\n      window.isPermitted = function(originUrl, whitelisted_domains) {\n        var url = document.createElement('a');\n        url.href = originUrl;\n        var hostname = url.hostname;\n        var result = false;\n        if( typeof hostname !== 'undefined' ) {\n          whitelisted_domains.forEach(function(element) {\n              if( hostname.slice((-1 * element.length - 1)) === '.'.concat(element) ||  hostname === element ) {\n                  result = true;\n              }\n          });\n          return result;\n        }\n      };\n      if (window.addEventListener) {\n        window.addEventListener(\"message\", handleIFrameMessage, false);\n      } else if (window.attachEvent) {\n        window.attachEvent(\"onmessage\", handleIFrameMessage);\n      }\n      <\/script><\/div>\n\t\t\t\t\t\t<\/div>\n\t\t\t\t<\/div>\n\t\t\t\t\t<\/div>\n\t\t\t\t<\/article>\n\t\t<section class=\"elementor-element elementor-element-5709263 e-con-full e-flex e-con e-parent\" data-id=\"5709263\" data-element_type=\"container\">\n\t\t\t\t<div class=\"elementor-element elementor-element-e6261d7 elementor-widget elementor-widget-template\" data-id=\"e6261d7\" data-element_type=\"widget\" data-widget_type=\"template.default\">\n\t\t\t\t<div class=\"elementor-widget-container\">\n\t\t\t\t\t\t\t<div class=\"elementor-template\">\n\t\t\t\t\t<div data-elementor-type=\"container\" data-elementor-id=\"3252\" class=\"elementor elementor-3252 elementor-1757\" data-elementor-post-type=\"elementor_library\">\n\t\t\t\t<section class=\"elementor-element elementor-element-b547d82 e-flex e-con-boxed e-con e-parent\" data-id=\"b547d82\" data-element_type=\"container\" data-settings=\"{&quot;background_background&quot;:&quot;classic&quot;}\">\n\t\t\t\t\t<div class=\"e-con-inner\">\n\t\t<div class=\"elementor-element elementor-element-e9cee6a e-con-full e-flex e-con e-child\" data-id=\"e9cee6a\" data-element_type=\"container\">\n\t\t\t\t<div class=\"elementor-element elementor-element-fe8b194 elementor-widget__width-initial elementor-widget elementor-widget-heading\" data-id=\"fe8b194\" data-element_type=\"widget\" data-widget_type=\"heading.default\">\n\t\t\t\t<div class=\"elementor-widget-container\">\n\t\t\t\t\t<h2 class=\"elementor-heading-title elementor-size-default\">Voc\u00ea controla os n\u00fameros ou os n\u00fameros controlam voc\u00ea?<\/h2>\t\t\t\t<\/div>\n\t\t\t\t<\/div>\n\t\t\t\t<div class=\"elementor-element elementor-element-a745056 elementor-widget__width-initial elementor-widget elementor-widget-text-editor\" data-id=\"a745056\" data-element_type=\"widget\" data-widget_type=\"text-editor.default\">\n\t\t\t\t<div class=\"elementor-widget-container\">\n\t\t\t\t\t\t\t\t\t<p>Transforme seus n\u00fameros em uma grande vantagem competitiva!<\/p>\t\t\t\t\t\t\t\t<\/div>\n\t\t\t\t<\/div>\n\t\t<div class=\"elementor-element elementor-element-7253925 e-con-full e-flex e-con e-child\" data-id=\"7253925\" data-element_type=\"container\">\n\t\t\t\t<div class=\"elementor-element elementor-element-ed7b747 elementor-align-justify elementor-widget__width-initial elementor-widget elementor-widget-button\" data-id=\"ed7b747\" data-element_type=\"widget\" data-widget_type=\"button.default\">\n\t\t\t\t<div class=\"elementor-widget-container\">\n\t\t\t\t\t\t\t\t\t<div class=\"elementor-button-wrapper\">\n\t\t\t\t\t<a class=\"elementor-button elementor-button-link elementor-size-sm elementor-animation-float\" href=\"https:\/\/springma.com\/pt-br\/contato\/\">\n\t\t\t\t\t\t<span class=\"elementor-button-content-wrapper\">\n\t\t\t\t\t\t\t\t\t<span class=\"elementor-button-text\">Contate-nos<\/span>\n\t\t\t\t\t<\/span>\n\t\t\t\t\t<\/a>\n\t\t\t\t<\/div>\n\t\t\t\t\t\t\t\t<\/div>\n\t\t\t\t<\/div>\n\t\t\t\t<div class=\"elementor-element elementor-element-b7e7ce5 elementor-align-justify elementor-widget__width-initial btn-book elementor-widget elementor-widget-button\" data-id=\"b7e7ce5\" data-element_type=\"widget\" data-widget_type=\"button.default\">\n\t\t\t\t<div class=\"elementor-widget-container\">\n\t\t\t\t\t\t\t\t\t<div class=\"elementor-button-wrapper\">\n\t\t\t\t\t<a class=\"elementor-button elementor-button-link elementor-size-sm elementor-animation-float\" href=\"https:\/\/calendly.com\/springma\/30min\" target=\"_blank\">\n\t\t\t\t\t\t<span class=\"elementor-button-content-wrapper\">\n\t\t\t\t\t\t<span class=\"elementor-button-icon\">\n\t\t\t\t<svg xmlns=\"http:\/\/www.w3.org\/2000\/svg\" width=\"24\" height=\"24\" viewBox=\"0 0 24 24\" fill=\"none\"><path d=\"M5.615 21C5.155 21 4.771 20.846 4.463 20.538C4.15433 20.2294 4 19.845 4 19.385V6.61502C4 6.15502 4.15433 5.77102 4.463 5.46302C4.771 5.15435 5.155 5.00002 5.615 5.00002H7.385V2.77002H8.462V5.00002H15.615V2.77002H16.615V5.00002H18.385C18.845 5.00002 19.229 5.15435 19.537 5.46302C19.8457 5.77102 20 6.15502 20 6.61502V11.615H19V10.615H5V19.385C5 19.5384 5.064 19.6794 5.192 19.808C5.32067 19.936 5.46167 20 5.615 20H11.846V21H5.615ZM14.231 21V18.79L19.563 13.483C19.6623 13.3964 19.765 13.333 19.871 13.293C19.9777 13.2517 20.0843 13.231 20.191 13.231C20.301 13.231 20.4123 13.2524 20.525 13.295C20.6377 13.3377 20.737 13.402 20.823 13.488L21.748 14.433C21.83 14.5317 21.8927 14.634 21.936 14.74C21.9787 14.8467 22 14.9534 22 15.06C22 15.1667 21.9827 15.274 21.948 15.382C21.9133 15.49 21.8467 15.5934 21.748 15.692L16.44 21H14.231ZM20.191 16.015L21.115 15.06L20.19 14.115L19.24 15.065L20.191 16.015Z\" fill=\"white\"><\/path><path d=\"M14.231 21V18.79L19.563 13.483C19.6623 13.3963 19.765 13.333 19.871 13.293C19.9776 13.2516 20.0843 13.231 20.191 13.231C20.301 13.231 20.4123 13.2523 20.525 13.295C20.6376 13.3376 20.737 13.402 20.823 13.488L21.748 14.433C21.83 14.5316 21.8926 14.634 21.936 14.74C21.9786 14.8466 22 14.9533 22 15.06C22 15.1666 21.9826 15.274 21.948 15.382C21.9133 15.49 21.8466 15.5933 21.748 15.692L16.44 21H14.231ZM20.191 16.015L21.115 15.06L20.19 14.115L19.24 15.065L20.191 16.015Z\" fill=\"white\"><\/path><\/svg>\t\t\t<\/span>\n\t\t\t\t\t\t\t\t\t<span class=\"elementor-button-text\">Agende uma conversa gratuita<\/span>\n\t\t\t\t\t<\/span>\n\t\t\t\t\t<\/a>\n\t\t\t\t<\/div>\n\t\t\t\t\t\t\t\t<\/div>\n\t\t\t\t<\/div>\n\t\t\t\t<\/div>\n\t\t\t\t<\/div>\n\t\t<div class=\"elementor-element elementor-element-44b0d03 e-con-full e-flex e-con e-child\" data-id=\"44b0d03\" data-element_type=\"container\">\n\t\t<div class=\"elementor-element elementor-element-a3e028a e-con-full e-flex e-con e-child\" data-id=\"a3e028a\" data-element_type=\"container\">\n\t\t\t\t<div class=\"elementor-element elementor-element-56bd016 elementor-widget elementor-widget-counter\" data-id=\"56bd016\" data-element_type=\"widget\" data-widget_type=\"counter.default\">\n\t\t\t\t<div class=\"elementor-widget-container\">\n\t\t\t\t\t\t\t<div class=\"elementor-counter\">\n\t\t\t<div class=\"elementor-counter-title\">Anos de <br>Experi\u00eancia<\/div>\t\t\t<div class=\"elementor-counter-number-wrapper\">\n\t\t\t\t<span class=\"elementor-counter-number-prefix\"><\/span>\n\t\t\t\t<span class=\"elementor-counter-number\" data-duration=\"2000\" data-to-value=\"20\" data-from-value=\"0\" data-delimiter=\",\">0<\/span>\n\t\t\t\t<span class=\"elementor-counter-number-suffix\">+<\/span>\n\t\t\t<\/div>\n\t\t<\/div>\n\t\t\t\t\t\t<\/div>\n\t\t\t\t<\/div>\n\t\t\t\t<div class=\"elementor-element elementor-element-ede4683 elementor-widget elementor-widget-counter\" data-id=\"ede4683\" data-element_type=\"widget\" data-widget_type=\"counter.default\">\n\t\t\t\t<div class=\"elementor-widget-container\">\n\t\t\t\t\t\t\t<div class=\"elementor-counter\">\n\t\t\t<div class=\"elementor-counter-title\">Clientes satisfeitos<\/div>\t\t\t<div class=\"elementor-counter-number-wrapper\">\n\t\t\t\t<span class=\"elementor-counter-number-prefix\"><\/span>\n\t\t\t\t<span class=\"elementor-counter-number\" data-duration=\"2000\" data-to-value=\"16\" data-from-value=\"0\" data-delimiter=\",\">0<\/span>\n\t\t\t\t<span class=\"elementor-counter-number-suffix\">+<\/span>\n\t\t\t<\/div>\n\t\t<\/div>\n\t\t\t\t\t\t<\/div>\n\t\t\t\t<\/div>\n\t\t\t\t<div class=\"elementor-element elementor-element-68e0b9a elementor-widget elementor-widget-counter\" data-id=\"68e0b9a\" data-element_type=\"widget\" data-widget_type=\"counter.default\">\n\t\t\t\t<div class=\"elementor-widget-container\">\n\t\t\t\t\t\t\t<div class=\"elementor-counter\">\n\t\t\t<div class=\"elementor-counter-title\">Clientes<\/div>\t\t\t<div class=\"elementor-counter-number-wrapper\">\n\t\t\t\t<span class=\"elementor-counter-number-prefix\"><\/span>\n\t\t\t\t<span class=\"elementor-counter-number\" data-duration=\"2000\" data-to-value=\"26\" data-from-value=\"0\" data-delimiter=\",\">0<\/span>\n\t\t\t\t<span class=\"elementor-counter-number-suffix\">+<\/span>\n\t\t\t<\/div>\n\t\t<\/div>\n\t\t\t\t\t\t<\/div>\n\t\t\t\t<\/div>\n\t\t\t\t<\/div>\n\t\t\t\t<div class=\"elementor-element elementor-element-432f718 elementor-widget-divider--view-line elementor-widget elementor-widget-divider\" data-id=\"432f718\" data-element_type=\"widget\" data-widget_type=\"divider.default\">\n\t\t\t\t<div class=\"elementor-widget-container\">\n\t\t\t\t\t\t\t<div class=\"elementor-divider\">\n\t\t\t<span class=\"elementor-divider-separator\">\n\t\t\t\t\t\t<\/span>\n\t\t<\/div>\n\t\t\t\t\t\t<\/div>\n\t\t\t\t<\/div>\n\t\t\t\t<div class=\"elementor-element elementor-element-ad38eb0 elementor-widget__width-initial elementor-widget elementor-widget-text-editor\" data-id=\"ad38eb0\" data-element_type=\"widget\" data-widget_type=\"text-editor.default\">\n\t\t\t\t<div class=\"elementor-widget-container\">\n\t\t\t\t\t\t\t\t\t<p>Atendendo com orgulho clientes no Canad\u00e1 e no Brasil com flu\u00eancia em ingl\u00eas e portugu\u00eas.<\/p>\t\t\t\t\t\t\t\t<\/div>\n\t\t\t\t<\/div>\n\t\t\t\t<\/div>\n\t\t\t\t\t<\/div>\n\t\t\t\t<\/section>\n\t\t\t\t<\/div>\n\t\t\t\t<\/div>\n\t\t\t\t\t\t<\/div>\n\t\t\t\t<\/div>\n\t\t\t\t<\/section>\n\t\t\t\t<\/div>\n\t\t","protected":false},"excerpt":{"rendered":"","protected":false},"author":1,"featured_media":3328,"parent":0,"menu_order":0,"comment_status":"closed","ping_status":"closed","template":"","meta":{"_acf_changed":false,"footnotes":""},"class_list":["post-3156","page","type-page","status-publish","has-post-thumbnail","hentry"],"acf":[],"yoast_head":"<!-- This site is optimized with the Yoast SEO plugin v26.2 - https:\/\/yoast.com\/wordpress\/plugins\/seo\/ -->\n<title>Pricing calculator | Spring - Financial services consultancy<\/title>\n<meta name=\"description\" content=\"Consultoria em servi\u00e7os financeiros no Canad\u00e1, oferecendo orienta\u00e7\u00e3o especializada e estrat\u00e9gias personalizadas para ajud\u00e1-lo a alcan\u00e7ar seus objetivos financeiros.\" \/>\n<meta name=\"robots\" content=\"index, follow, max-snippet:-1, max-image-preview:large, max-video-preview:-1\" \/>\n<link rel=\"canonical\" href=\"https:\/\/springma.com\/pt-br\/calculadora-de-precos\/\" \/>\n<meta property=\"og:locale\" content=\"pt_BR\" \/>\n<meta property=\"og:type\" content=\"article\" \/>\n<meta property=\"og:title\" content=\"Pricing calculator | Spring - Financial services consultancy\" \/>\n<meta property=\"og:description\" content=\"Consultoria em servi\u00e7os financeiros no Canad\u00e1, oferecendo orienta\u00e7\u00e3o especializada e estrat\u00e9gias personalizadas para ajud\u00e1-lo a alcan\u00e7ar seus objetivos financeiros.\" \/>\n<meta property=\"og:url\" content=\"https:\/\/springma.com\/pt-br\/calculadora-de-precos\/\" \/>\n<meta property=\"og:site_name\" content=\"Spring\" \/>\n<meta property=\"article:modified_time\" content=\"2025-10-17T13:07:56+00:00\" \/>\n<meta property=\"og:image\" content=\"https:\/\/springma.com\/wp-content\/uploads\/2025\/10\/img-destacada-spring.png\" \/>\n\t<meta property=\"og:image:width\" content=\"378\" \/>\n\t<meta property=\"og:image:height\" content=\"200\" \/>\n\t<meta property=\"og:image:type\" content=\"image\/png\" \/>\n<meta name=\"twitter:card\" content=\"summary_large_image\" \/>\n<script type=\"application\/ld+json\" class=\"yoast-schema-graph\">{\"@context\":\"https:\/\/schema.org\",\"@graph\":[{\"@type\":\"WebPage\",\"@id\":\"https:\/\/springma.com\/pt-br\/calculadora-de-precos\/\",\"url\":\"https:\/\/springma.com\/pt-br\/calculadora-de-precos\/\",\"name\":\"Pricing calculator | Spring - Financial services consultancy\",\"isPartOf\":{\"@id\":\"https:\/\/springma.com\/pt-br\/#website\"},\"primaryImageOfPage\":{\"@id\":\"https:\/\/springma.com\/pt-br\/calculadora-de-precos\/#primaryimage\"},\"image\":{\"@id\":\"https:\/\/springma.com\/pt-br\/calculadora-de-precos\/#primaryimage\"},\"thumbnailUrl\":\"https:\/\/springma.com\/wp-content\/uploads\/2025\/10\/img-destacada-spring.png\",\"datePublished\":\"2025-09-18T19:18:56+00:00\",\"dateModified\":\"2025-10-17T13:07:56+00:00\",\"description\":\"Consultoria em servi\u00e7os financeiros no Canad\u00e1, oferecendo orienta\u00e7\u00e3o especializada e estrat\u00e9gias personalizadas para ajud\u00e1-lo a alcan\u00e7ar seus objetivos financeiros.\",\"breadcrumb\":{\"@id\":\"https:\/\/springma.com\/pt-br\/calculadora-de-precos\/#breadcrumb\"},\"inLanguage\":\"pt-BR\",\"potentialAction\":[{\"@type\":\"ReadAction\",\"target\":[\"https:\/\/springma.com\/pt-br\/calculadora-de-precos\/\"]}]},{\"@type\":\"ImageObject\",\"inLanguage\":\"pt-BR\",\"@id\":\"https:\/\/springma.com\/pt-br\/calculadora-de-precos\/#primaryimage\",\"url\":\"https:\/\/springma.com\/wp-content\/uploads\/2025\/10\/img-destacada-spring.png\",\"contentUrl\":\"https:\/\/springma.com\/wp-content\/uploads\/2025\/10\/img-destacada-spring.png\",\"width\":378,\"height\":200,\"caption\":\"Spring \u2013 Consultoria em servi\u00e7os financeiros no Canad\u00e1\"},{\"@type\":\"BreadcrumbList\",\"@id\":\"https:\/\/springma.com\/pt-br\/calculadora-de-precos\/#breadcrumb\",\"itemListElement\":[{\"@type\":\"ListItem\",\"position\":1,\"name\":\"In\u00edcio\",\"item\":\"https:\/\/springma.com\/pt-br\/\"},{\"@type\":\"ListItem\",\"position\":2,\"name\":\"Calculadora de pre\u00e7os\"}]},{\"@type\":\"WebSite\",\"@id\":\"https:\/\/springma.com\/pt-br\/#website\",\"url\":\"https:\/\/springma.com\/pt-br\/\",\"name\":\"Spring\",\"description\":\"Management Academy\",\"potentialAction\":[{\"@type\":\"SearchAction\",\"target\":{\"@type\":\"EntryPoint\",\"urlTemplate\":\"https:\/\/springma.com\/pt-br\/?s={search_term_string}\"},\"query-input\":{\"@type\":\"PropertyValueSpecification\",\"valueRequired\":true,\"valueName\":\"search_term_string\"}}],\"inLanguage\":\"pt-BR\"}]}<\/script>\n<!-- \/ Yoast SEO plugin. -->","yoast_head_json":{"title":"Pricing calculator | Spring - Financial services consultancy","description":"Consultoria em servi\u00e7os financeiros no Canad\u00e1, oferecendo orienta\u00e7\u00e3o especializada e estrat\u00e9gias personalizadas para ajud\u00e1-lo a alcan\u00e7ar seus objetivos financeiros.","robots":{"index":"index","follow":"follow","max-snippet":"max-snippet:-1","max-image-preview":"max-image-preview:large","max-video-preview":"max-video-preview:-1"},"canonical":"https:\/\/springma.com\/pt-br\/calculadora-de-precos\/","og_locale":"pt_BR","og_type":"article","og_title":"Pricing calculator | Spring - Financial services consultancy","og_description":"Consultoria em servi\u00e7os financeiros no Canad\u00e1, oferecendo orienta\u00e7\u00e3o especializada e estrat\u00e9gias personalizadas para ajud\u00e1-lo a alcan\u00e7ar seus objetivos financeiros.","og_url":"https:\/\/springma.com\/pt-br\/calculadora-de-precos\/","og_site_name":"Spring","article_modified_time":"2025-10-17T13:07:56+00:00","og_image":[{"width":378,"height":200,"url":"https:\/\/springma.com\/wp-content\/uploads\/2025\/10\/img-destacada-spring.png","type":"image\/png"}],"twitter_card":"summary_large_image","schema":{"@context":"https:\/\/schema.org","@graph":[{"@type":"WebPage","@id":"https:\/\/springma.com\/pt-br\/calculadora-de-precos\/","url":"https:\/\/springma.com\/pt-br\/calculadora-de-precos\/","name":"Pricing calculator | Spring - Financial services consultancy","isPartOf":{"@id":"https:\/\/springma.com\/pt-br\/#website"},"primaryImageOfPage":{"@id":"https:\/\/springma.com\/pt-br\/calculadora-de-precos\/#primaryimage"},"image":{"@id":"https:\/\/springma.com\/pt-br\/calculadora-de-precos\/#primaryimage"},"thumbnailUrl":"https:\/\/springma.com\/wp-content\/uploads\/2025\/10\/img-destacada-spring.png","datePublished":"2025-09-18T19:18:56+00:00","dateModified":"2025-10-17T13:07:56+00:00","description":"Consultoria em servi\u00e7os financeiros no Canad\u00e1, oferecendo orienta\u00e7\u00e3o especializada e estrat\u00e9gias personalizadas para ajud\u00e1-lo a alcan\u00e7ar seus objetivos financeiros.","breadcrumb":{"@id":"https:\/\/springma.com\/pt-br\/calculadora-de-precos\/#breadcrumb"},"inLanguage":"pt-BR","potentialAction":[{"@type":"ReadAction","target":["https:\/\/springma.com\/pt-br\/calculadora-de-precos\/"]}]},{"@type":"ImageObject","inLanguage":"pt-BR","@id":"https:\/\/springma.com\/pt-br\/calculadora-de-precos\/#primaryimage","url":"https:\/\/springma.com\/wp-content\/uploads\/2025\/10\/img-destacada-spring.png","contentUrl":"https:\/\/springma.com\/wp-content\/uploads\/2025\/10\/img-destacada-spring.png","width":378,"height":200,"caption":"Spring \u2013 Consultoria em servi\u00e7os financeiros no Canad\u00e1"},{"@type":"BreadcrumbList","@id":"https:\/\/springma.com\/pt-br\/calculadora-de-precos\/#breadcrumb","itemListElement":[{"@type":"ListItem","position":1,"name":"In\u00edcio","item":"https:\/\/springma.com\/pt-br\/"},{"@type":"ListItem","position":2,"name":"Calculadora de pre\u00e7os"}]},{"@type":"WebSite","@id":"https:\/\/springma.com\/pt-br\/#website","url":"https:\/\/springma.com\/pt-br\/","name":"Spring","description":"Management Academy","potentialAction":[{"@type":"SearchAction","target":{"@type":"EntryPoint","urlTemplate":"https:\/\/springma.com\/pt-br\/?s={search_term_string}"},"query-input":{"@type":"PropertyValueSpecification","valueRequired":true,"valueName":"search_term_string"}}],"inLanguage":"pt-BR"}]}},"_links":{"self":[{"href":"https:\/\/springma.com\/pt-br\/wp-json\/wp\/v2\/pages\/3156","targetHints":{"allow":["GET"]}}],"collection":[{"href":"https:\/\/springma.com\/pt-br\/wp-json\/wp\/v2\/pages"}],"about":[{"href":"https:\/\/springma.com\/pt-br\/wp-json\/wp\/v2\/types\/page"}],"author":[{"embeddable":true,"href":"https:\/\/springma.com\/pt-br\/wp-json\/wp\/v2\/users\/1"}],"replies":[{"embeddable":true,"href":"https:\/\/springma.com\/pt-br\/wp-json\/wp\/v2\/comments?post=3156"}],"version-history":[{"count":1,"href":"https:\/\/springma.com\/pt-br\/wp-json\/wp\/v2\/pages\/3156\/revisions"}],"predecessor-version":[{"id":3157,"href":"https:\/\/springma.com\/pt-br\/wp-json\/wp\/v2\/pages\/3156\/revisions\/3157"}],"wp:featuredmedia":[{"embeddable":true,"href":"https:\/\/springma.com\/pt-br\/wp-json\/wp\/v2\/media\/3328"}],"wp:attachment":[{"href":"https:\/\/springma.com\/pt-br\/wp-json\/wp\/v2\/media?parent=3156"}],"curies":[{"name":"wp","href":"https:\/\/api.w.org\/{rel}","templated":true}]}}